{"id":1984,"date":"2022-11-07T18:47:38","date_gmt":"2022-11-07T23:47:38","guid":{"rendered":"https:\/\/josephskaff.com\/privacy-policy\/"},"modified":"2023-01-19T15:53:21","modified_gmt":"2023-01-19T20:53:21","slug":"privacy-policy","status":"publish","type":"page","link":"https:\/\/josephskaff.com\/en\/privacy-policy\/","title":{"rendered":"Privacy Policy"},"content":{"rendered":"\t\t<div data-elementor-type=\"wp-page\" data-elementor-id=\"1984\" class=\"elementor elementor-1984 elementor-3\" data-elementor-post-type=\"page\">\n\t\t\t\t\t\t<section class=\"elementor-section elementor-top-section elementor-element elementor-element-62e3abe9 elementor-section-full_width elementor-section-height-default elementor-section-height-default\" data-id=\"62e3abe9\" data-element_type=\"section\" data-e-type=\"section\">\n\t\t\t\t\t\t<div class=\"elementor-container elementor-column-gap-default\">\n\t\t\t\t\t<div class=\"elementor-column elementor-col-50 elementor-top-column elementor-element elementor-element-209df709\" data-id=\"209df709\" data-element_type=\"column\" data-e-type=\"column\">\n\t\t\t<div class=\"elementor-widget-wrap elementor-element-populated\">\n\t\t\t\t\t\t<div class=\"elementor-element elementor-element-bb48b91 elementor-widget elementor-widget-spacer\" data-id=\"bb48b91\" data-element_type=\"widget\" data-e-type=\"widget\" data-widget_type=\"spacer.default\">\n\t\t\t\t<div class=\"elementor-widget-container\">\n\t\t\t\t\t\t\t<div class=\"elementor-spacer\">\n\t\t\t<div class=\"elementor-spacer-inner\"><\/div>\n\t\t<\/div>\n\t\t\t\t\t\t<\/div>\n\t\t\t\t<\/div>\n\t\t\t\t<div class=\"elementor-element elementor-element-37e5c064 elementor-widget elementor-widget-heading\" data-id=\"37e5c064\" data-element_type=\"widget\" data-e-type=\"widget\" data-widget_type=\"heading.default\">\n\t\t\t\t<div class=\"elementor-widget-container\">\n\t\t\t\t\t<h2 class=\"elementor-heading-title elementor-size-default\">Joseph Skaff<\/h2>\t\t\t\t<\/div>\n\t\t\t\t<\/div>\n\t\t\t\t<div class=\"elementor-element elementor-element-393c1958 elementor-widget elementor-widget-text-editor\" data-id=\"393c1958\" data-element_type=\"widget\" data-e-type=\"widget\" data-widget_type=\"text-editor.default\">\n\t\t\t\t<div class=\"elementor-widget-container\">\n\t\t\t\t\t\t\t\t\t<p><strong>art &amp; architecture<br \/><\/strong><\/p>\n\t\t\t\t\t\t\t\t<\/div>\n\t\t\t\t<\/div>\n\t\t\t\t<div class=\"elementor-element elementor-element-5c3c60ee elementor-widget elementor-widget-image\" data-id=\"5c3c60ee\" data-element_type=\"widget\" data-e-type=\"widget\" data-widget_type=\"image.default\">\n\t\t\t\t<div class=\"elementor-widget-container\">\n\t\t\t\t\t\t\t\t\t\t\t\t\t\t\t<img decoding=\"async\" width=\"99\" height=\"99\" src=\"https:\/\/josephskaff.com\/wp-content\/uploads\/2022\/11\/Skaff_favicon-1.svg\" class=\"attachment-medium size-medium wp-image-1965\" alt=\"Skaff_favicon\" \/>\t\t\t\t\t\t\t\t\t\t\t\t\t\t\t<\/div>\n\t\t\t\t<\/div>\n\t\t\t\t<div class=\"elementor-element elementor-element-70a0e92a elementor-widget elementor-widget-spacer\" data-id=\"70a0e92a\" data-element_type=\"widget\" data-e-type=\"widget\" data-widget_type=\"spacer.default\">\n\t\t\t\t<div class=\"elementor-widget-container\">\n\t\t\t\t\t\t\t<div class=\"elementor-spacer\">\n\t\t\t<div class=\"elementor-spacer-inner\"><\/div>\n\t\t<\/div>\n\t\t\t\t\t\t<\/div>\n\t\t\t\t<\/div>\n\t\t\t\t<div class=\"elementor-element elementor-element-661ab4d elementor-absolute elementor-invisible elementor-widget elementor-widget-image\" data-id=\"661ab4d\" data-element_type=\"widget\" data-e-type=\"widget\" data-settings=\"{&quot;_animation&quot;:&quot;slideInLeft&quot;,&quot;_position&quot;:&quot;absolute&quot;}\" data-widget_type=\"image.default\">\n\t\t\t\t<div class=\"elementor-widget-container\">\n\t\t\t\t\t\t\t\t\t\t\t\t\t\t\t<img decoding=\"async\" width=\"216\" height=\"21\" src=\"https:\/\/josephskaff.com\/wp-content\/uploads\/2022\/11\/Skaff_barre_rouge.svg\" class=\"attachment-medium size-medium wp-image-1966\" alt=\"Skaff_barre_rouge\" \/>\t\t\t\t\t\t\t\t\t\t\t\t\t\t\t<\/div>\n\t\t\t\t<\/div>\n\t\t\t\t\t<\/div>\n\t\t<\/div>\n\t\t\t\t<div class=\"elementor-column elementor-col-50 elementor-top-column elementor-element elementor-element-515abcfd\" data-id=\"515abcfd\" data-element_type=\"column\" data-e-type=\"column\">\n\t\t\t<div class=\"elementor-widget-wrap elementor-element-populated\">\n\t\t\t\t\t\t<div class=\"elementor-element elementor-element-c749a8e elementor-widget elementor-widget-heading\" data-id=\"c749a8e\" data-element_type=\"widget\" data-e-type=\"widget\" data-widget_type=\"heading.default\">\n\t\t\t\t<div class=\"elementor-widget-container\">\n\t\t\t\t\t<h1 class=\"elementor-heading-title elementor-size-default\">PRIVACY POLICY<\/h1>\t\t\t\t<\/div>\n\t\t\t\t<\/div>\n\t\t\t\t<div class=\"elementor-element elementor-element-5ecfbcbb elementor-widget elementor-widget-text-editor\" data-id=\"5ecfbcbb\" data-element_type=\"widget\" data-e-type=\"widget\" data-widget_type=\"text-editor.default\">\n\t\t\t\t<div class=\"elementor-widget-container\">\n\t\t\t\t\t\t\t\t\t<h2>AND PRIVACY POLICY<\/h2>\n<p>This Privacy and Confidentiality Policy (&#8220;<strong>Policy<\/strong>&#8220;) describes the policies and practices of Joseph Skaff, art &amp; architecture (&#8220;<strong>Skaff<\/strong>&#8220;) with respect to personal information that <strong>Skaff<\/strong> collects about you (&#8220;<strong>you<\/strong>&#8220;).&nbsp;<\/p>\n<p>By using the website (https:\/\/josephskaff.com) (&#8220;<strong>Website<\/strong>&#8220;), you agree that <strong>Skaff<\/strong> may collect and use certain personal information in accordance with this Policy.<\/p>\n<h2><strong>Information gathering<\/strong><\/h2>\n<p>To access certain features of the Website, you will need to provide&nbsp;:<\/p>\n<ul>\n<li>First and last name<\/li>\n<li>Street address<\/li>\n<li>Phone number<\/li>\n<li>Age<\/li>\n<li>Email address<\/li>\n<\/ul>\n<p>(Collectively &#8221;&nbsp;<strong>Registration Information<\/strong>&nbsp;&#8220;)<\/p>\n<h2><strong>Personal Information<\/strong><\/h2>\n<p>Personal Information&#8221; is any information provided as Registration Information that identifies you as a natural person employed or otherwise representing the User, such as your name, date of birth, e-mail address, mailing address and telephone number.<\/p>\n<h2><strong>Collection and Use of Personal Information<\/strong><\/h2>\n<p><strong>Skaff<\/strong> collects your personal information in order to build a file on the User and to better serve him\/her.<\/p>\n<p>You can visit our home page or browse the Website without your personal information being collected or used. <strong>Skaff<\/strong> collects your personal information only if you voluntarily provide it.<\/p>\n<p><strong>Skaff<\/strong> uses your personal information to contact you in connection with the service contract between <strong>Skaff<\/strong> and the User, if any.<\/p>\n<h2>Cookies&#8221; indicators<\/h2>\n<p>Skaff&#8217;s website may automatically place and\/or receive certain information from your web browser, such as your IP address, the page you visited or viewed, and similar information from cookies previously placed on your computer. This information is non-personally identifiable and may be stored on our server for analytical purposes to enable us to better serve website visitors.<\/p>\n<h2><strong>Disclosure of personal information<\/strong><\/h2>\n<p><strong>Skaff<\/strong> does not sell or share your personal information with unrelated third parties without your consent, except in the following specific instances&nbsp;:<\/p>\n<ul>\n<li>Your personal information may occasionally be disclosed to third parties to comply with the law or at the request of government agencies or if <strong>Skaff<\/strong> undergoes a sale, merger, reorganization, dissolution or other comparable transaction;<\/li>\n<li>For marketing purposes, <strong>Skaff<\/strong> may share your information with its affiliates.<\/li>\n<\/ul>\n<p>Only those employees who need it to perform their duties in connection with the above purposes have access to your personal information. These employees are required to maintain the confidentiality of such information and to treat it responsibly in accordance with the law and this <strong>Policy<\/strong>.<\/p>\n<h2><strong>Confidential User Information<\/strong><\/h2>\n<p>In addition to the Registration Information, User will be required to provide confidential information as part of the Service Agreement. This information is referred to as &#8220;<strong>Confidential User Information<\/strong>&#8221; in the Service Agreement.&nbsp; The confidentiality of the Confidential User Information is protected under the terms of the Service Agreement.<\/p>\n<h2><strong>Links<\/strong><\/h2>\n<p><strong>Skaff<\/strong> may post on the Website a number of links to third-party websites.<\/p>\n<p><strong>Skaff<\/strong> assumes no responsibility for the personal information collection, retention, use and disclosure practices of these websites.  <strong>Skaff<\/strong> encourages you to review the privacy policy of each and every website you visit before providing any personally identifiable information to those websites.<\/p>\n<h2><strong>Access to your personal information and complaints<\/strong><\/h2>\n<p>Subject to applicable legal restrictions, you have the right to access your file and correct your personal information by sending a written request to <strong>Skaff<\/strong>.&nbsp;<\/p>\n<p><strong>Skaff<\/strong> makes reasonable efforts to keep your personal information current, accurate and complete. However, it is your responsibility to promptly notify us of any change in your name, address or any other relevant change to your personal information.&nbsp;<\/p>\n<p>If you have a complaint or concern about your personal information or this Policy, we also encourage you to contact <strong>Skaff<\/strong>.&nbsp;<\/p>\n<p>For written inquiries or for information about this Policy, you may contact <strong>Skaff<\/strong> &#8216;s Privacy Officer at&nbsp;:<\/p>\n<p>By mail&nbsp;:&nbsp;<br \/>Joseph Skaff, art &amp; architecture, 207-477, rue St-Fran\u00e7ois Xavier, Montr\u00e9al (Qu\u00e9bec) H2Y 2T2<\/p>\n<p>By email&nbsp;: joseph.skaff@josephskaff.com<\/p>\n<p><strong>Changes to this Policy<\/strong><\/p>\n<p><strong>Skaff<\/strong> reserves the right to change this Policy at any time. To this end, <strong>Skaff<\/strong> encourages you to visit its Website regularly to consult the latest version.<\/p>\n<p>The most recent update to this Policy was made on November 10, 2022.<\/p>\n\t\t\t\t\t\t\t\t<\/div>\n\t\t\t\t<\/div>\n\t\t\t\t\t<\/div>\n\t\t<\/div>\n\t\t\t\t\t<\/div>\n\t\t<\/section>\n\t\t\t\t<\/div>\n\t\t","protected":false},"excerpt":{"rendered":"<p>Joseph Skaff art &amp; architecture PRIVACY POLICY AND PRIVACY POLICY This Privacy and Confidentiality Policy (&#8220;Policy&#8220;) describes the policies and practices of Joseph Skaff, art &amp; architecture (&#8220;Skaff&#8220;) with respect to personal information that Skaff collects about you (&#8220;you&#8220;).&nbsp; By using the website (https:\/\/josephskaff.com) (&#8220;Website&#8220;), you agree that Skaff may collect and use certain personal [&hellip;]<\/p>\n","protected":false},"author":3,"featured_media":0,"parent":0,"menu_order":0,"comment_status":"closed","ping_status":"closed","template":"","meta":{"_uag_custom_page_level_css":"","footnotes":""},"class_list":["post-1984","page","type-page","status-publish","hentry"],"yoast_head":"<!-- This site is optimized with the Yoast SEO plugin v27.5 - https:\/\/yoast.com\/product\/yoast-seo-wordpress\/ -->\n<title>Privacy Policy - Joseph Skaff<\/title>\n<meta name=\"description\" content=\"Joseph Skaff, art &amp; architecture privacy and confidentiality policy.\" \/>\n<meta name=\"robots\" content=\"index, follow, max-snippet:-1, max-image-preview:large, max-video-preview:-1\" \/>\n<link rel=\"canonical\" href=\"https:\/\/josephskaff.com\/en\/privacy-policy\/\" \/>\n<meta property=\"og:locale\" content=\"en_US\" \/>\n<meta property=\"og:type\" content=\"article\" \/>\n<meta property=\"og:title\" content=\"Privacy Policy - Joseph Skaff\" \/>\n<meta property=\"og:description\" content=\"Joseph Skaff, art &amp; architecture privacy and confidentiality policy.\" \/>\n<meta property=\"og:url\" content=\"https:\/\/josephskaff.com\/en\/privacy-policy\/\" \/>\n<meta property=\"og:site_name\" content=\"Joseph Skaff\" \/>\n<meta property=\"article:publisher\" content=\"https:\/\/www.facebook.com\/josephskaffarchitecture\/\" \/>\n<meta property=\"article:modified_time\" content=\"2023-01-19T20:53:21+00:00\" \/>\n<meta property=\"og:image\" content=\"https:\/\/josephskaff.com\/wp-content\/uploads\/2022\/11\/Skaff_favicon-1.svg\" \/>\n<meta name=\"twitter:card\" content=\"summary_large_image\" \/>\n<meta name=\"twitter:label1\" content=\"Est. reading time\" \/>\n\t<meta name=\"twitter:data1\" content=\"4 minutes\" \/>\n<script type=\"application\/ld+json\" class=\"yoast-schema-graph\">{\"@context\":\"https:\\\/\\\/schema.org\",\"@graph\":[{\"@type\":\"WebPage\",\"@id\":\"https:\\\/\\\/josephskaff.com\\\/en\\\/privacy-policy\\\/\",\"url\":\"https:\\\/\\\/josephskaff.com\\\/en\\\/privacy-policy\\\/\",\"name\":\"Privacy Policy - Joseph Skaff\",\"isPartOf\":{\"@id\":\"https:\\\/\\\/josephskaff.com\\\/en\\\/#website\"},\"primaryImageOfPage\":{\"@id\":\"https:\\\/\\\/josephskaff.com\\\/en\\\/privacy-policy\\\/#primaryimage\"},\"image\":{\"@id\":\"https:\\\/\\\/josephskaff.com\\\/en\\\/privacy-policy\\\/#primaryimage\"},\"thumbnailUrl\":\"https:\\\/\\\/josephskaff.com\\\/wp-content\\\/uploads\\\/2022\\\/11\\\/Skaff_favicon-1.svg\",\"datePublished\":\"2022-11-07T23:47:38+00:00\",\"dateModified\":\"2023-01-19T20:53:21+00:00\",\"description\":\"Joseph Skaff, art & architecture privacy and confidentiality policy.\",\"breadcrumb\":{\"@id\":\"https:\\\/\\\/josephskaff.com\\\/en\\\/privacy-policy\\\/#breadcrumb\"},\"inLanguage\":\"en-US\",\"potentialAction\":[{\"@type\":\"ReadAction\",\"target\":[\"https:\\\/\\\/josephskaff.com\\\/en\\\/privacy-policy\\\/\"]}]},{\"@type\":\"ImageObject\",\"inLanguage\":\"en-US\",\"@id\":\"https:\\\/\\\/josephskaff.com\\\/en\\\/privacy-policy\\\/#primaryimage\",\"url\":\"https:\\\/\\\/josephskaff.com\\\/wp-content\\\/uploads\\\/2022\\\/11\\\/Skaff_favicon-1.svg\",\"contentUrl\":\"https:\\\/\\\/josephskaff.com\\\/wp-content\\\/uploads\\\/2022\\\/11\\\/Skaff_favicon-1.svg\"},{\"@type\":\"BreadcrumbList\",\"@id\":\"https:\\\/\\\/josephskaff.com\\\/en\\\/privacy-policy\\\/#breadcrumb\",\"itemListElement\":[{\"@type\":\"ListItem\",\"position\":1,\"name\":\"Accueil\",\"item\":\"https:\\\/\\\/josephskaff.com\\\/en\\\/index\\\/\"},{\"@type\":\"ListItem\",\"position\":2,\"name\":\"Privacy Policy\"}]},{\"@type\":\"WebSite\",\"@id\":\"https:\\\/\\\/josephskaff.com\\\/en\\\/#website\",\"url\":\"https:\\\/\\\/josephskaff.com\\\/en\\\/\",\"name\":\"Joseph Skaff\",\"description\":\"art &amp; architecture\",\"publisher\":{\"@id\":\"https:\\\/\\\/josephskaff.com\\\/en\\\/#organization\"},\"alternateName\":\"Joseph Skaff Art & Architecture\",\"potentialAction\":[{\"@type\":\"SearchAction\",\"target\":{\"@type\":\"EntryPoint\",\"urlTemplate\":\"https:\\\/\\\/josephskaff.com\\\/en\\\/?s={search_term_string}\"},\"query-input\":{\"@type\":\"PropertyValueSpecification\",\"valueRequired\":true,\"valueName\":\"search_term_string\"}}],\"inLanguage\":\"en-US\"},{\"@type\":\"Organization\",\"@id\":\"https:\\\/\\\/josephskaff.com\\\/en\\\/#organization\",\"name\":\"Joseph Skaff\",\"alternateName\":\"Joseph Skaff Art & Architecture\",\"url\":\"https:\\\/\\\/josephskaff.com\\\/en\\\/\",\"logo\":{\"@type\":\"ImageObject\",\"inLanguage\":\"en-US\",\"@id\":\"https:\\\/\\\/josephskaff.com\\\/en\\\/#\\\/schema\\\/logo\\\/image\\\/\",\"url\":\"https:\\\/\\\/josephskaff.com\\\/wp-content\\\/uploads\\\/2022\\\/11\\\/Skaff_logo.png\",\"contentUrl\":\"https:\\\/\\\/josephskaff.com\\\/wp-content\\\/uploads\\\/2022\\\/11\\\/Skaff_logo.png\",\"width\":1067,\"height\":313,\"caption\":\"Joseph Skaff\"},\"image\":{\"@id\":\"https:\\\/\\\/josephskaff.com\\\/en\\\/#\\\/schema\\\/logo\\\/image\\\/\"},\"sameAs\":[\"https:\\\/\\\/www.facebook.com\\\/josephskaffarchitecture\\\/\",\"https:\\\/\\\/www.linkedin.com\\\/in\\\/skaffjoseph\\\/?originalSubdomain=ca\",\"https:\\\/\\\/instagram.com\\\/josephskaff__art__architecture?igshid=YmMyMTA2M2Y=\"]}]}<\/script>\n<!-- \/ Yoast SEO plugin. -->","yoast_head_json":{"title":"Privacy Policy - Joseph Skaff","description":"Joseph Skaff, art & architecture privacy and confidentiality policy.","robots":{"index":"index","follow":"follow","max-snippet":"max-snippet:-1","max-image-preview":"max-image-preview:large","max-video-preview":"max-video-preview:-1"},"canonical":"https:\/\/josephskaff.com\/en\/privacy-policy\/","og_locale":"en_US","og_type":"article","og_title":"Privacy Policy - Joseph Skaff","og_description":"Joseph Skaff, art & architecture privacy and confidentiality policy.","og_url":"https:\/\/josephskaff.com\/en\/privacy-policy\/","og_site_name":"Joseph Skaff","article_publisher":"https:\/\/www.facebook.com\/josephskaffarchitecture\/","article_modified_time":"2023-01-19T20:53:21+00:00","og_image":[{"url":"https:\/\/josephskaff.com\/wp-content\/uploads\/2022\/11\/Skaff_favicon-1.svg","type":"","width":"","height":""}],"twitter_card":"summary_large_image","twitter_misc":{"Est. reading time":"4 minutes"},"schema":{"@context":"https:\/\/schema.org","@graph":[{"@type":"WebPage","@id":"https:\/\/josephskaff.com\/en\/privacy-policy\/","url":"https:\/\/josephskaff.com\/en\/privacy-policy\/","name":"Privacy Policy - Joseph Skaff","isPartOf":{"@id":"https:\/\/josephskaff.com\/en\/#website"},"primaryImageOfPage":{"@id":"https:\/\/josephskaff.com\/en\/privacy-policy\/#primaryimage"},"image":{"@id":"https:\/\/josephskaff.com\/en\/privacy-policy\/#primaryimage"},"thumbnailUrl":"https:\/\/josephskaff.com\/wp-content\/uploads\/2022\/11\/Skaff_favicon-1.svg","datePublished":"2022-11-07T23:47:38+00:00","dateModified":"2023-01-19T20:53:21+00:00","description":"Joseph Skaff, art & architecture privacy and confidentiality policy.","breadcrumb":{"@id":"https:\/\/josephskaff.com\/en\/privacy-policy\/#breadcrumb"},"inLanguage":"en-US","potentialAction":[{"@type":"ReadAction","target":["https:\/\/josephskaff.com\/en\/privacy-policy\/"]}]},{"@type":"ImageObject","inLanguage":"en-US","@id":"https:\/\/josephskaff.com\/en\/privacy-policy\/#primaryimage","url":"https:\/\/josephskaff.com\/wp-content\/uploads\/2022\/11\/Skaff_favicon-1.svg","contentUrl":"https:\/\/josephskaff.com\/wp-content\/uploads\/2022\/11\/Skaff_favicon-1.svg"},{"@type":"BreadcrumbList","@id":"https:\/\/josephskaff.com\/en\/privacy-policy\/#breadcrumb","itemListElement":[{"@type":"ListItem","position":1,"name":"Accueil","item":"https:\/\/josephskaff.com\/en\/index\/"},{"@type":"ListItem","position":2,"name":"Privacy Policy"}]},{"@type":"WebSite","@id":"https:\/\/josephskaff.com\/en\/#website","url":"https:\/\/josephskaff.com\/en\/","name":"Joseph Skaff","description":"art &amp; architecture","publisher":{"@id":"https:\/\/josephskaff.com\/en\/#organization"},"alternateName":"Joseph Skaff Art & Architecture","potentialAction":[{"@type":"SearchAction","target":{"@type":"EntryPoint","urlTemplate":"https:\/\/josephskaff.com\/en\/?s={search_term_string}"},"query-input":{"@type":"PropertyValueSpecification","valueRequired":true,"valueName":"search_term_string"}}],"inLanguage":"en-US"},{"@type":"Organization","@id":"https:\/\/josephskaff.com\/en\/#organization","name":"Joseph Skaff","alternateName":"Joseph Skaff Art & Architecture","url":"https:\/\/josephskaff.com\/en\/","logo":{"@type":"ImageObject","inLanguage":"en-US","@id":"https:\/\/josephskaff.com\/en\/#\/schema\/logo\/image\/","url":"https:\/\/josephskaff.com\/wp-content\/uploads\/2022\/11\/Skaff_logo.png","contentUrl":"https:\/\/josephskaff.com\/wp-content\/uploads\/2022\/11\/Skaff_logo.png","width":1067,"height":313,"caption":"Joseph Skaff"},"image":{"@id":"https:\/\/josephskaff.com\/en\/#\/schema\/logo\/image\/"},"sameAs":["https:\/\/www.facebook.com\/josephskaffarchitecture\/","https:\/\/www.linkedin.com\/in\/skaffjoseph\/?originalSubdomain=ca","https:\/\/instagram.com\/josephskaff__art__architecture?igshid=YmMyMTA2M2Y="]}]}},"uagb_featured_image_src":{"full":false,"thumbnail":false,"medium":false,"medium_large":false,"large":false,"1536x1536":false,"2048x2048":false},"uagb_author_info":{"display_name":"Joseph Skaff","author_link":"https:\/\/josephskaff.com\/en\/author\/josephskaff\/"},"uagb_comment_info":0,"uagb_excerpt":"Joseph Skaff art &amp; architecture PRIVACY POLICY AND PRIVACY POLICY This Privacy and Confidentiality Policy (&#8220;Policy&#8220;) describes the policies and practices of Joseph Skaff, art &amp; architecture (&#8220;Skaff&#8220;) with respect to personal information that Skaff collects about you (&#8220;you&#8220;).&nbsp; By using the website (https:\/\/josephskaff.com) (&#8220;Website&#8220;), you agree that Skaff may collect and use certain personal&hellip;","_links":{"self":[{"href":"https:\/\/josephskaff.com\/en\/wp-json\/wp\/v2\/pages\/1984","targetHints":{"allow":["GET"]}}],"collection":[{"href":"https:\/\/josephskaff.com\/en\/wp-json\/wp\/v2\/pages"}],"about":[{"href":"https:\/\/josephskaff.com\/en\/wp-json\/wp\/v2\/types\/page"}],"author":[{"embeddable":true,"href":"https:\/\/josephskaff.com\/en\/wp-json\/wp\/v2\/users\/3"}],"replies":[{"embeddable":true,"href":"https:\/\/josephskaff.com\/en\/wp-json\/wp\/v2\/comments?post=1984"}],"version-history":[{"count":26,"href":"https:\/\/josephskaff.com\/en\/wp-json\/wp\/v2\/pages\/1984\/revisions"}],"predecessor-version":[{"id":4690,"href":"https:\/\/josephskaff.com\/en\/wp-json\/wp\/v2\/pages\/1984\/revisions\/4690"}],"wp:attachment":[{"href":"https:\/\/josephskaff.com\/en\/wp-json\/wp\/v2\/media?parent=1984"}],"curies":[{"name":"wp","href":"https:\/\/api.w.org\/{rel}","templated":true}]}}